{"id":827,"date":"2017-11-14T10:43:58","date_gmt":"2017-11-14T09:43:58","guid":{"rendered":"http:\/\/www.plumesdorees.com\/web\/?page_id=827"},"modified":"2023-10-25T16:16:22","modified_gmt":"2023-10-25T15:16:22","slug":"temoignage","status":"publish","type":"page","link":"https:\/\/www.plumesdorees.com\/web\/temoignage\/","title":{"rendered":"TEMOIGNAGES"},"content":{"rendered":"<p>\u00a0<\/p>\n<div><em>Ce Conseil m\u2019a apport\u00e9 une \u00e9nergie de focus sur mon quotidien gr\u00e2ce aux gardiennes mois apr\u00e8s mois. Mettre un attention particuli\u00e8re sur ce que la gardienne m\u2019enseigne, le plus souvent possible, au cours des semaines qui passent. Cela m\u2019a permise de mettre de la lumi\u00e8re sur des zones d\u2019ombres, d\u2019accueillir aussi des zones lumineuses qu\u2019il m\u2019\u00e9taient difficiles de voir.<\/em><\/div>\n<div><em>Revenir r\u00e9guli\u00e8rement sur l\u2019intention pos\u00e9e au d\u00e9part, m\u2019a permis de me rendre compte \u00e0 la fois \u00e0 quel point je peux m\u2019en \u00e9loigner\u2026 Et \u00e0 la fois aussi comme des synchronicit\u00e9s ou exp\u00e9riences sont venues nourrir ce chemin avec magie, mouvement et pr\u00e9cisions!<\/em><\/div>\n<div><em>Le groupe et nos rencontres une fois par mois, m\u2019a permis de voir la fa\u00e7on dont je peux juger et\/ou accueillir l\u2019autre, ainsi que ce qui peut sortir de ma bouche et me permettre de la clart\u00e9 que je n\u2019aurais probablement pas eu seule face aux enseignements.\u00a0Ce Conseil m\u2019a aussi apport\u00e9 un \u00e9norme soutien de sentir \u00e0 quel point nous sommes toutes-tous UN sur ce chemin de la Vie, et combien cette sagesse ancestrale et sacr\u00e9e permet d\u2019\u00e9clairer et de dynamiser mon chemin de vie dans cette incarnation. Comme un retour aux Sources, \u00e0 ma Source<img decoding=\"async\" class=\"an1 CToWUd\" src=\"https:\/\/fonts.gstatic.com\/s\/e\/notoemoji\/15.0\/1f929\/32.png\" alt=\"&#x1f929;\" data-emoji=\"&#x1f929;\" aria-label=\"&#x1f929;\" data-bit=\"iit\" \/><\/em><\/div>\n<div><em>Il m\u2019a aussi permis de toucher \u00e0 ma vuln\u00e9rabilit\u00e9 de par mes exp\u00e9riences avec les gardiennes et en \u00e9coutant les partages des autres.<\/em><\/div>\n<div><em>Immense Gratitude<img decoding=\"async\" class=\"an1 CToWUd\" src=\"https:\/\/fonts.gstatic.com\/s\/e\/notoemoji\/15.0\/1f64f\/32.png\" alt=\"&#x1f64f;\" data-emoji=\"&#x1f64f;\" aria-label=\"&#x1f64f;\" data-bit=\"iit\" \/><img decoding=\"async\" class=\"an1 CToWUd\" src=\"https:\/\/fonts.gstatic.com\/s\/e\/notoemoji\/15.0\/1f33b\/32.png\" alt=\"&#x1f33b;\" data-emoji=\"&#x1f33b;\" aria-label=\"&#x1f33b;\" data-bit=\"iit\" \/><\/em><\/div>\n<div>\u00a0<\/div>\n<div><em>Sophie<\/em><\/div>\n<div>\u00a0<\/div>\n<div><hr \/><\/div>\n<p><em>Carine Dancing Wolf Woman m&rsquo;a permis d&rsquo;int\u00e9grer la philosophie chamanique o\u00f9 il fait bon prendre soin de soi de la douceur du F\u00e9minin Sacr\u00e9.<\/em><\/p>\n<p><em>Inlassablement gr\u00e2ce aux Gardiennes des 13 Lunes et gr\u00e2ce aux Constellations d&rsquo;Abondance, elle m&rsquo;a invit\u00e9 \u00e0 l\u00e2cher toute la duret\u00e9 qui jusqu&rsquo;\u00e0 pr\u00e9sent m&rsquo;avait permis de rester debout face \u00e0 l&rsquo;ins\u00e9curit\u00e9 de mon enfance!<\/em><br \/><em> Aujourd&rsquo;hui enfin je r\u00e9colte naturellement les fruits de tout ce travail et je me suis lib\u00e9r\u00e9e en grande partie de poids de boulets de tout ce qui me freinait et m&#8217;emp\u00eachait d&rsquo;\u00eatre heureuse pour m&rsquo;autoriser \u00e0 m&rsquo;amuser vivre la l\u00e9g\u00e8ret\u00e9, la joie, le p\u00e9tillement et l&rsquo;\u00e9merveillement de la Vie !<\/em><br \/><em> Et bien s\u00fbr je suis amour-heureuse \ud83d\ude42<\/em><br \/><em> Comme une suite logique un cadeau une \u00e9vidence !<\/em><br \/><em> MERCI \ud83d\ude42<\/em><br \/><em> Mitakuy\u00e9 Oyasin !<\/em><\/p>\n<p><em> Catherine \ud83d\ude42<\/em><\/p>\n<hr \/>\n<p><em> Le Conseil des anciennes des 13 lunes a retrouv\u00e9 le chemin de mon \u00e2me comme une \u00e9vidence, une m\u00e9moire ancestrale qui semblait juste dormir dans mes profondeurs, en attendant que je me r\u00e9veille. <\/em><br \/><em>L\u2019intensit\u00e9 de ces exp\u00e9riences est difficilement explicable avec les mots car c\u2019est un cheminement qui va v\u00e9cu, lune apr\u00e8s lune, dans une relation profonde avec la Terre, le Ciel, tous les Etres, les \u00e9nergies sensibles et nos s\u0153urs de chemin si pr\u00e9cieuses.<\/em><br \/><em>C\u2019est une voie qui nous permet de restaurer notre lien avec le Tout et de d\u00e9velopper des relations merveilleuses avec les mondes dans lesquels nous \u00e9voluons.<\/em><br \/><em>J\u2019ai \u00e9t\u00e9 profond\u00e9ment \u00e9mue des rencontres avec les Gardiennes\u2026 quelle g\u00e9n\u00e9rosit\u00e9 incroyable ! <\/em><br \/><em>Un soutien bienveillant dans la recherche de ma v\u00e9rit\u00e9 profonde, une matrice primordiale sur laquelle j\u2019ai pu m\u2019appuyer pour cr\u00e9er mes propres formes. J\u2019ai commenc\u00e9 \u00e0 \u00f4ter les couches d\u2019illusion qui me s\u00e9parent du souvenir de ma l\u00e9gende personnelle (\u2026et des ann\u00e9es plus tard j\u2019y travaille toujours!)<\/em><\/p>\n<p><em>Je me suis sentie accompagn\u00e9e avec amour dans les transformations internes v\u00e9cues sur mon chemin spirituel et malgr\u00e9 les prises de consciences parfois douloureuses, le cercle de sororit\u00e9 \u00e9tait l\u00e0. Ces rencontres mensuelles avec mes s\u0153urs sont des moments ressource, des instants de gr\u00e2ce sur le chemin solitaire de la gu\u00e9rison ; quelle chance de go\u00fbter \u00e0 la puissance de la sororit\u00e9, de se voir refl\u00e9t\u00e9e dans le miroir des c\u0153urs des autres, d\u2019apprendre \u00e0 s\u2019accepter en v\u00e9rit\u00e9, entre ombres et lumi\u00e8res.<\/em><\/p>\n<p><em>J\u2019ai une gratitude infinie envers Carine qui m\u2019a permis de me relier en conscience au profond f\u00e9minin sacr\u00e9 et envers mes s\u0153urs de chemin. Les liens d\u2019amour qui se cr\u00e9ent au fil des lunes sont des lumi\u00e8res intemporelles qui brillent dans l\u2019UNITE.<\/em><br \/><em>Profonde gratitude \u00e0 chaque femme qui a permis \u00e0 ces enseignements de parvenir jusqu\u2019\u00e0 nous\u2026 je souhaite \u00e0 chacune de pouvoir vivre cette magie sur son chemin.<\/em><\/p>\n<p><em>Valentina<\/em><\/p>\n<hr \/>\n<p><em>Le conseil des Anciennes des 13 lunes est pour moi l&rsquo;enseignement le plus riche et le plus ouvert que j&rsquo;ai eu la chance d&rsquo;avoir sur mon chemin. En rencontrant ma f\u00e9minit\u00e9 dans tous ces aspects et la v\u00e9rit\u00e9 de mon \u00eatre profond. Les gardiennes m&rsquo;ont aid\u00e9e \u00e0 traverser les \u00e9tapes de ma vie agr\u00e9ables et d\u00e9sagr\u00e9ables en m&rsquo;enseignant comment rester en intime relation avec qui je suis et toutes mes relations dans le respect des lois sacr\u00e9es universelles.<\/em><br \/><em>Cheminer avec un cercle de femmes chaque mois est porteur de valeurs, de partages, de soutien et de bienveillance pour se r\u00e9v\u00e9ler \u00e0 soi en confiance. <\/em><br \/><em>La reliance entre femmes cr\u00e9atrices de leur propre vie marchant la main dans la main restaure l&rsquo;\u00e9quilibre du monde. <\/em><\/p>\n<p><em>Le conseil des 13 lunes c&rsquo;est:<\/em><br \/><em>~un soutien au quotidien<\/em><br \/><em>~cr\u00e9er sa vie en \u00e9tant responsable de tous ces actes<\/em><br \/><em>~d\u00e9couvrir et marcher sa propre v\u00e9rit\u00e9 <\/em><br \/><em>~restaurer la paix int\u00e9rieure<\/em><br \/><em>~apprendre \u00e0 prendre soin de soi<\/em><br \/><em>~chanter, rire, danser, pleurer, apprendre, comprendre, partager, \u00e9couter<\/em><br \/><em>~se r\u00e9approprier les rituels de femmes<\/em><br \/><em>~\u00eatre en harmonie avec les cycles de Dame Nature<\/em><br \/><em>~ le silence<\/em><br \/><em>~ralentir la cadence pour retrouver l&rsquo;essentiel<\/em><br \/><em>~c\u00e9l\u00e9brer la femme cr\u00e9atrice, porteuse de vie<\/em><br \/><em>~honorer tous les passages de la vie<\/em><br \/><em>~marcher sa parole<\/em><br \/><em>~Restaurer la sororit\u00e9<\/em><br \/><em>~un temps pour soi<\/em><\/p>\n<p><em>Je suis profond\u00e9ment reconnaissante d&rsquo;avoir Os\u00e9 faire le pas. <\/em><br \/><em>Merci \u00e0 Carine Dancing Wolf Woman pour ton accompagnement dot\u00e9 d&rsquo;une douce puissance, pour tout ce que tu mets en oeuvre pour restaurer la paix et diffuser l&rsquo;amour.<\/em><\/p>\n<p><em>Merci \u00e0 toutes les femmes qui ont ramen\u00e9 ses enseignements jusqu&rsquo;\u00e0 nous.<\/em><\/p>\n<p><em>Tout ce qui s&rsquo;apprend sur soi se propage autour de soi, dans tous les cercles de la vie.<\/em><br \/><em> Je souhaites \u00e0 toutes les femmes d&rsquo;Oser faire le pas vers elles.<\/em><\/p>\n<p><em>Mitakuye oyasin (nous sommes tous reli\u00e9s)<\/em><\/p>\n<p><em>Khaoula<img decoding=\"async\" class=\"_1ift _2560 img\" src=\"https:\/\/static.xx.fbcdn.net\/images\/emoji.php\/v9\/z7f\/1\/16\/1f60a.png\" alt=\"\" \/><\/em><\/p>\n<hr \/>\n<p><em>J ai eu la chance de faire le conseil il y a maintenant 6 ans lorsque j habitais Chamonix. Je dois reconna\u00eetre que j \u00e9tais un peu sceptique au d\u00e9part. Mais aujourd&rsquo;hui, il n y a pas eu une seule journ\u00e9e depuis 6 ans o\u00f9 je n&rsquo;ai pas pens\u00e9 aux gardiennes! Cet enseignement a ouvert mon esprit et mon c\u0153ur et m&rsquo;aide chaque jour \u00e0 devenir qui je suis. Je me sens remplie de gratitude envers Carine et les femmes (mes s\u0153urs) qui m&rsquo;ont accompagn\u00e9e tout au long de cette ann\u00e9e \u00ab\u00a0magique\u00a0\u00bb et j&rsquo;esp\u00e8re de tout c\u0153ur que d&rsquo;autres femmes auront la chance de pouvoir faire le Conseil des Anciennes des 13 Lunes et d\u00e9couvrir le pouvoir de la sororit\u00e9!<\/em><\/p>\n<p><em>Valentine<\/em><\/p>\n<hr \/>\n<div><i>A propos du stage C\u0153ur de D\u00e9esses : Cette magnifique exp\u00e9rience m&rsquo;a dr\u00f4lement retourn\u00e9e !!! c&rsquo;est un grand remue-m\u00e9nage dans mon \u00e2me, mon c\u0153ur, mon \u00e9nergie &#8230; et mon corps, auquel j&rsquo;ai pu laisser libre cours dans son expression &#8230; c&rsquo;est un plaisir rare finalement &#8230;<\/i><\/div>\n<div><em>Mais pour le moment, je ne peux pas encore dire ce qu&rsquo;en sera le r\u00e9sultat &#8230; Quelque chose s&rsquo;est amorc\u00e9, un changement subtil mais une empreinte ind\u00e9l\u00e9bile du changement vers du mieux-\u00eatre dans mon unit\u00e9&#8230; une sorte de moi amplifi\u00e9e et affirm\u00e9e. Le plaisir d&rsquo;\u00eatre moi en assumant mon enti\u00e8ret\u00e9 &#8230; et en y r\u00e9fl\u00e9chissant, j&rsquo;en connaitrai le r\u00e9sultat \u00e0 la fin de ma vie peut-\u00eatre &#8230; je suis sur le chemin &#8230;et c&rsquo;est bien&#8230;<\/em><\/div>\n<div>\u00a0<\/div>\n<div><em>Marie-Agn\u00e8s<\/em><\/div>\n<div>\u00a0<\/div>\n<div><hr \/>\n<p><em>J&rsquo;ai ador\u00e9 le stage des d\u00e9esses de Carine. Il m&rsquo;a permis de me reconnecter avec ma partie f\u00e9minine ; sa douceur, son calme et sa compassion. Cette exp\u00e9rience m&rsquo;a aid\u00e9 \u00e0 comprendre les diff\u00e9rentes personnalit\u00e9s qui vivent en moi, et comment les harmoniser pour arriver \u00e0 cette paix int\u00e9rieure si pr\u00e9cieuse. Je peux d\u00e9sormais reconnaitre mes arch\u00e9types et utiliser leurs forces dans ma vie de tous les jours. Je recommande ce stage \u00e0 toutes les femmes.<\/em><\/p>\n<\/div>\n\n\n<hr class=\"wp-block-separator has-alpha-channel-opacity is-style-wide\"\/>\n\n\n\n<p><em>Je ne savais pas du tout dans quoi je m&rsquo;engageai lorsque j&rsquo;ai fait ma requ\u00eate \u00e0 Baktunawi. Ce camp et cette premi\u00e8re qu\u00eate ont boulevers\u00e9 ma vie. Je vois vraiment maintenant que les 4 jours 4 nuit sont l&rsquo;aboutissement d&rsquo;un processus personnel et collectif qui dure toute l&rsquo;ann\u00e9e avec la pr\u00e9paration de bourses. Sans le camp pas de qu\u00eate et sans qu\u00eate pas de camp \u00e7a explique bien la n\u00e9cessit\u00e9 d&rsquo;\u00eatre ensemble et de s&rsquo;unir pour cr\u00e9er. Si il n&rsquo;y avait pas eu le soutien, les partages, les \u00e9changes, les chants, les mots, les gestes, et la pr\u00e9sence des aides de camps je ne sais pas si j&rsquo;aurai pu finir ma 1ere qu\u00eate. Je suis plein de gratitude d&rsquo;avoir pris ce chemin de la qu\u00eate de vision et de la voie rouge. Mitakuye Oyasin.<br \/><\/em><br \/><em>Matthias Quetteur<\/em><\/p>\n\n\n\n<hr class=\"wp-block-separator has-alpha-channel-opacity is-style-wide\"\/>\n\n\n\n<p><em>Cette exp\u00e9rience de vie fait partie de ma vie \u00e0 tout jamais\u2026<br \/>Cette semaine \u00e9tait d&rsquo;une richesse humaine et personnelle tr\u00e8s importante sur mon chemin<br \/>Qu&rsquo;une fois v\u00e9cue, je ne pouvais imaginer vivre autrement\u2026<br \/>La voie rouge est, pour moi, un retour aux sources de l&rsquo;\u00eatre<br \/>Et une extraordinaire connexion \u00e0 mon \u00eatre int\u00e9rieur<\/em><\/p>\n\n\n\n<p><em>Merci \u00e0 toi, Carine Baktunawi, pour ton \u00e9coute bienveillante, ta lumi\u00e8re et ta guidance <\/em><\/p>\n\n\n\n<p><em>Karine, aide de camp<\/em><\/p>\n","protected":false},"excerpt":{"rendered":"<p>\u00a0 Ce Conseil m\u2019a apport\u00e9 une \u00e9nergie de focus sur mon quotidien gr\u00e2ce aux gardiennes mois apr\u00e8s mois. Mettre un attention particuli\u00e8re sur ce que la gardienne m\u2019enseigne, le plus souvent possible, au cours des semaines qui passent. Cela m\u2019a permise de mettre de la lumi\u00e8re sur des zones d\u2019ombres,<span class=\"more-link theme-more-link\"><a href=\"https:\/\/www.plumesdorees.com\/web\/temoignage\/\">Continue Reading<\/a><\/span><\/p>\n","protected":false},"author":1,"featured_media":0,"parent":0,"menu_order":0,"comment_status":"closed","ping_status":"closed","template":"","meta":{"footnotes":""},"class_list":["entry","author-plumesdorees","post-827","page","type-page","status-publish"],"_links":{"self":[{"href":"https:\/\/www.plumesdorees.com\/web\/wp-json\/wp\/v2\/pages\/827","targetHints":{"allow":["GET"]}}],"collection":[{"href":"https:\/\/www.plumesdorees.com\/web\/wp-json\/wp\/v2\/pages"}],"about":[{"href":"https:\/\/www.plumesdorees.com\/web\/wp-json\/wp\/v2\/types\/page"}],"author":[{"embeddable":true,"href":"https:\/\/www.plumesdorees.com\/web\/wp-json\/wp\/v2\/users\/1"}],"replies":[{"embeddable":true,"href":"https:\/\/www.plumesdorees.com\/web\/wp-json\/wp\/v2\/comments?post=827"}],"version-history":[{"count":14,"href":"https:\/\/www.plumesdorees.com\/web\/wp-json\/wp\/v2\/pages\/827\/revisions"}],"predecessor-version":[{"id":3607,"href":"https:\/\/www.plumesdorees.com\/web\/wp-json\/wp\/v2\/pages\/827\/revisions\/3607"}],"wp:attachment":[{"href":"https:\/\/www.plumesdorees.com\/web\/wp-json\/wp\/v2\/media?parent=827"}],"curies":[{"name":"wp","href":"https:\/\/api.w.org\/{rel}","templated":true}]}}