{"id":70,"date":"2014-02-19T16:45:27","date_gmt":"2014-02-19T15:45:27","guid":{"rendered":"http:\/\/www.plumesdorees.com\/?page_id=70"},"modified":"2023-07-17T13:25:44","modified_gmt":"2023-07-17T12:25:44","slug":"contact","status":"publish","type":"page","link":"https:\/\/www.plumesdorees.com\/web\/contact\/","title":{"rendered":"CONTACT"},"content":{"rendered":"<p><span style=\"color: #000000;\"><strong><img loading=\"lazy\" decoding=\"async\" class=\"alignright wp-image-230 size-medium\" src=\"http:\/\/www.plumesdorees.com\/web\/wp-content\/uploads\/2014\/02\/carine-mer-224x300.jpg\" alt=\"carine-mer\" width=\"224\" height=\"300\" srcset=\"https:\/\/www.plumesdorees.com\/web\/wp-content\/uploads\/2014\/02\/carine-mer-224x300.jpg 224w, https:\/\/www.plumesdorees.com\/web\/wp-content\/uploads\/2014\/02\/carine-mer.jpg 717w\" sizes=\"auto, (max-width: 224px) 100vw, 224px\" \/>Carine Dancing Wolf Woman Baktunawi<\/strong><\/span><\/p>\n<p>T\u00e9l\u00e9phone +33 (0)659091123<\/p>\n<p><a href=\"mailto:plumesdorees74@gmail.com\" target=\"_blank\" rel=\"noopener noreferrer\">plumesdorees74@gmail.com<\/a><\/p>\n<p><span style=\"color: #000000;\"><strong>Ludivine Ina Louve<\/strong><\/span><\/p>\n<p>T\u00e9l\u00e9phone +33 (0)686233836<\/p>\n<p><a href=\"mailto:plumesdorees74@gmail.com\" target=\"_blank\" rel=\"noopener noreferrer\">plumesdorees74@gmail.com<\/a><\/p>\n\n\n<div class=\"wp-block-brad-border-box\">\t\t\t<iframe\n\t\t\t\tid=\"idIframe\"\n\t\t\t\tsrc=\"https:\/\/www.helloasso.com\/associations\/plumes-dorees\/adhesions\/adhesion-annuelle\/widget-vignette\"\n\t\t\t\theight=450px\"\t\t\t\twidth=350px\"\t\t\t\tframeborder=\"0\"\n\t\t\t\tloading=\"lazy\"\n\t\t\t\tallowtransparency=\"true\"\n\t\t\t\tonload=\"resizeIframeMessage()\"><\/iframe>\n<\/div>\n\n\n\n<div class=\"wp-block-brad-border-box\">\t\t\t<iframe\n\t\t\t\tid=\"idIframe\"\n\t\t\t\tsrc=\"https:\/\/www.helloasso.com\/associations\/plumes-dorees\/adhesions\/adhesion-annuelle\/widget-bouton\"\n\t\t\t\theight=70px\"\t\t\t\twidth=200px\"\t\t\t\tframeborder=\"0\"\n\t\t\t\tloading=\"lazy\"\n\t\t\t\tallowtransparency=\"true\"\n\t\t\t\tonload=\"resizeIframeMessage()\"><\/iframe>\n<\/div>\n","protected":false},"excerpt":{"rendered":"<p>Carine Dancing Wolf Woman Baktunawi T\u00e9l\u00e9phone +33 (0)659091123 plumesdorees74@gmail.com Ludivine Ina Louve T\u00e9l\u00e9phone +33 (0)686233836 plumesdorees74@gmail.com<span class=\"more-link theme-more-link\"><a href=\"https:\/\/www.plumesdorees.com\/web\/contact\/\">Continue Reading<\/a><\/span><\/p>\n","protected":false},"author":1,"featured_media":0,"parent":0,"menu_order":0,"comment_status":"closed","ping_status":"open","template":"","meta":{"footnotes":""},"class_list":["entry","author-plumesdorees","post-70","page","type-page","status-publish"],"_links":{"self":[{"href":"https:\/\/www.plumesdorees.com\/web\/wp-json\/wp\/v2\/pages\/70","targetHints":{"allow":["GET"]}}],"collection":[{"href":"https:\/\/www.plumesdorees.com\/web\/wp-json\/wp\/v2\/pages"}],"about":[{"href":"https:\/\/www.plumesdorees.com\/web\/wp-json\/wp\/v2\/types\/page"}],"author":[{"embeddable":true,"href":"https:\/\/www.plumesdorees.com\/web\/wp-json\/wp\/v2\/users\/1"}],"replies":[{"embeddable":true,"href":"https:\/\/www.plumesdorees.com\/web\/wp-json\/wp\/v2\/comments?post=70"}],"version-history":[{"count":16,"href":"https:\/\/www.plumesdorees.com\/web\/wp-json\/wp\/v2\/pages\/70\/revisions"}],"predecessor-version":[{"id":3413,"href":"https:\/\/www.plumesdorees.com\/web\/wp-json\/wp\/v2\/pages\/70\/revisions\/3413"}],"wp:attachment":[{"href":"https:\/\/www.plumesdorees.com\/web\/wp-json\/wp\/v2\/media?parent=70"}],"curies":[{"name":"wp","href":"https:\/\/api.w.org\/{rel}","templated":true}]}}