{"id":4053,"date":"2025-10-14T15:26:40","date_gmt":"2025-10-14T14:26:40","guid":{"rendered":"https:\/\/www.plumesdorees.com\/web\/?page_id=4053"},"modified":"2025-10-14T15:40:56","modified_gmt":"2025-10-14T14:40:56","slug":"rencontres-individuelles-avec-le-chamanisme-mongol","status":"publish","type":"page","link":"https:\/\/www.plumesdorees.com\/web\/rencontres-individuelles-avec-le-chamanisme-mongol\/","title":{"rendered":"Rencontres Individuelles avec le  Chamanisme Mongol"},"content":{"rendered":"\n<figure class=\"wp-block-image size-large is-resized\"><a href=\"https:\/\/www.plumesdorees.com\/web\/wp-content\/uploads\/2025\/10\/FLYER-NAARA-Rencontres.jpg\"><img loading=\"lazy\" decoding=\"async\" width=\"900\" height=\"1024\" src=\"https:\/\/www.plumesdorees.com\/web\/wp-content\/uploads\/2025\/10\/FLYER-NAARA-Rencontres-900x1024.jpg\" alt=\"\" class=\"wp-image-4054\" style=\"width:486px;height:auto\" srcset=\"https:\/\/www.plumesdorees.com\/web\/wp-content\/uploads\/2025\/10\/FLYER-NAARA-Rencontres-900x1024.jpg 900w, https:\/\/www.plumesdorees.com\/web\/wp-content\/uploads\/2025\/10\/FLYER-NAARA-Rencontres-264x300.jpg 264w, https:\/\/www.plumesdorees.com\/web\/wp-content\/uploads\/2025\/10\/FLYER-NAARA-Rencontres-768x874.jpg 768w, https:\/\/www.plumesdorees.com\/web\/wp-content\/uploads\/2025\/10\/FLYER-NAARA-Rencontres-465x529.jpg 465w, https:\/\/www.plumesdorees.com\/web\/wp-content\/uploads\/2025\/10\/FLYER-NAARA-Rencontres-439x500.jpg 439w, https:\/\/www.plumesdorees.com\/web\/wp-content\/uploads\/2025\/10\/FLYER-NAARA-Rencontres.jpg 907w\" sizes=\"auto, (max-width: 900px) 100vw, 900px\" \/><\/a><\/figure>\n\n\n\n<p>Les Plumes Dor\u00e9es ont la joie d&rsquo;accueillir Naraa et Bayaraa du 19 au 23 Novembre 2025 pour des rencontres individuelles.<\/p>\n\n\n\n<p><strong>Les rencontres individuelles :<\/strong> <strong>un dispositif chamanique alli\u00e9 au coaching<\/strong><\/p>\n\n\n\n<p>Depuis plus de dix ans, Naraa Dash nous partage des activit\u00e9s culturelles et spirituelles inspir\u00e9es du chamanisme mongol. Ces exp\u00e9riences d\u00e9butent souvent par une conf\u00e9rence de d\u00e9couverte, puis se prolongent par des <strong>rencontres individuelles<\/strong> guid\u00e9es par les esprits alli\u00e9s des chamans.<\/p>\n\n\n\n<p>Elles se d\u00e9ploient\u00a0aussi\u00a0par des stages de transe en France et en Suisse ou \u00e0 travers <a href=\"https:\/\/www.tengerekh.com\/s%C3%A9jourschamaniques\">des voyages initiatiques en Mongolie, berceau vivant du chamanisme.<\/a><\/p>\n\n\n\n<p>Ces s\u00e9ances offrent un espace d\u2019\u00e9coute et de connexion, o\u00f9 la sagesse ancestrale se met au service d\u2019un accompagnement personnel. L\u2019esprit alli\u00e9 de Bayaraa, <strong>Papy<\/strong>, r\u00e9alise une lecture \u00e9nerg\u00e9tique r\u00e9v\u00e9lant ce que vous portez, ce que vous rayonnez, et ce qui demande \u00e0 \u00eatre r\u00e9harmonis\u00e9.<\/p>\n\n\n\n<p>Chaque rencontre invite \u00e0 un questionnement essentiel :<\/p>\n\n\n\n<ul class=\"wp-block-list\">\n<li>O\u00f9 en suis-je dans ma vie ?<\/li>\n\n\n\n<li>Qu\u2019ai-je \u00e0 transformer ou \u00e0 transmettre ?<\/li>\n\n\n\n<li>Quel lien vivant puis-je recr\u00e9er avec mes anc\u00eatres ?<\/li>\n<\/ul>\n\n\n\n<p>Ces \u00e9changes marquent souvent le d\u00e9but d\u2019un chemin vers davantage d\u2019harmonie, de sens et de conscience.<\/p>\n\n\n\n<p><strong>Informations pratiques<\/strong> :<\/p>\n\n\n\n<p>Les <strong>rencontres individuelles<\/strong> auront lieu dans la <strong>Vall\u00e9e de Chamonix<\/strong> les <strong>19, 20, 22 et 23 novembre<\/strong><br \/>&#x1f558; Horaires : 9h \u00e0 12h ou 14h30 \u00e0 17h30<\/p>\n\n\n\n<p>La <strong>conf\u00e9rence<\/strong> intitul\u00e9e <em>\u00ab Qu&rsquo;appelle-t-on le chamanisme mongol ? \u00bb<\/em> se tiendra le <strong>21 novembre \u00e0 19h30<\/strong>, \u00e0 la <strong>salle d\u2019animation des Houches<\/strong>.<\/p>\n\n\n\n<p>Pour toute inscription ou information compl\u00e9mentaire :<br \/>&#x1f4e7; <strong><a>plumesdorees74@gmail.com<\/a><\/strong><\/p>\n","protected":false},"excerpt":{"rendered":"<p>Les Plumes Dor\u00e9es ont la joie d&rsquo;accueillir Naraa et Bayaraa du 19 au 23 Novembre 2025 pour des rencontres individuelles. Les rencontres individuelles : un dispositif chamanique alli\u00e9 au coaching Depuis plus de dix ans, Naraa Dash nous partage des activit\u00e9s culturelles et spirituelles inspir\u00e9es du chamanisme mongol. Ces exp\u00e9riences<span class=\"more-link theme-more-link\"><a href=\"https:\/\/www.plumesdorees.com\/web\/rencontres-individuelles-avec-le-chamanisme-mongol\/\">Continue Reading<\/a><\/span><\/p>\n","protected":false},"author":1,"featured_media":0,"parent":0,"menu_order":0,"comment_status":"closed","ping_status":"closed","template":"","meta":{"footnotes":""},"class_list":["entry","author-plumesdorees","post-4053","page","type-page","status-publish"],"_links":{"self":[{"href":"https:\/\/www.plumesdorees.com\/web\/wp-json\/wp\/v2\/pages\/4053","targetHints":{"allow":["GET"]}}],"collection":[{"href":"https:\/\/www.plumesdorees.com\/web\/wp-json\/wp\/v2\/pages"}],"about":[{"href":"https:\/\/www.plumesdorees.com\/web\/wp-json\/wp\/v2\/types\/page"}],"author":[{"embeddable":true,"href":"https:\/\/www.plumesdorees.com\/web\/wp-json\/wp\/v2\/users\/1"}],"replies":[{"embeddable":true,"href":"https:\/\/www.plumesdorees.com\/web\/wp-json\/wp\/v2\/comments?post=4053"}],"version-history":[{"count":2,"href":"https:\/\/www.plumesdorees.com\/web\/wp-json\/wp\/v2\/pages\/4053\/revisions"}],"predecessor-version":[{"id":4057,"href":"https:\/\/www.plumesdorees.com\/web\/wp-json\/wp\/v2\/pages\/4053\/revisions\/4057"}],"wp:attachment":[{"href":"https:\/\/www.plumesdorees.com\/web\/wp-json\/wp\/v2\/media?parent=4053"}],"curies":[{"name":"wp","href":"https:\/\/api.w.org\/{rel}","templated":true}]}}