{"id":4034,"date":"2025-06-11T09:24:39","date_gmt":"2025-06-11T08:24:39","guid":{"rendered":"https:\/\/www.plumesdorees.com\/web\/?page_id=4034"},"modified":"2025-12-08T17:31:29","modified_gmt":"2025-12-08T16:31:29","slug":"conseil-des-anciennes-des-13-lunes","status":"publish","type":"page","link":"https:\/\/www.plumesdorees.com\/web\/conseil-des-anciennes-des-13-lunes\/","title":{"rendered":"CONSEIL DES 13 M\u00c8RES ORIGINELLES"},"content":{"rendered":"\n<p class=\"has-text-color has-large-font-size\" style=\"color:#36414d\">ENTREZ DANS LE CERCLE SACR\u00c9 DU<br \/><strong>CONSEIL DES 13 M\u00c8RES ORIGINELLES<\/strong><\/p>\n\n\n\n<div class=\"wp-block-columns is-layout-flex wp-container-core-columns-is-layout-9d6595d7 wp-block-columns-is-layout-flex\">\n<div class=\"wp-block-column is-layout-flow wp-block-column-is-layout-flow\">\n<figure class=\"wp-block-image size-full is-style-rounded\"><a href=\"https:\/\/www.plumesdorees.com\/web\/wp-content\/uploads\/2023\/10\/CDA-NewLogo.png\"><img loading=\"lazy\" decoding=\"async\" width=\"943\" height=\"942\" src=\"https:\/\/www.plumesdorees.com\/web\/wp-content\/uploads\/2023\/10\/CDA-NewLogo.png\" alt=\"\" class=\"wp-image-3473\" srcset=\"https:\/\/www.plumesdorees.com\/web\/wp-content\/uploads\/2023\/10\/CDA-NewLogo.png 943w, https:\/\/www.plumesdorees.com\/web\/wp-content\/uploads\/2023\/10\/CDA-NewLogo-300x300.png 300w, https:\/\/www.plumesdorees.com\/web\/wp-content\/uploads\/2023\/10\/CDA-NewLogo-150x150.png 150w, https:\/\/www.plumesdorees.com\/web\/wp-content\/uploads\/2023\/10\/CDA-NewLogo-768x767.png 768w\" sizes=\"auto, (max-width: 943px) 100vw, 943px\" \/><\/a><\/figure>\n<\/div>\n\n\n\n<div class=\"wp-block-column is-layout-flow wp-block-column-is-layout-flow\">\n<h5 class=\"wp-block-heading\"><strong>C&rsquo;est un Appel<\/strong><\/h5>\n\n\n\n<p>Vous vous sentez appel\u00e9e par le F\u00e9minin Sacr\u00e9 ?<br \/>Vous vous sentez d\u00e9connect\u00e9e de vous-m\u00eame ?<br \/>Vous vivez avec des secrets ou des r\u00eaves enfouis ?<br \/>Vous avez perdu de vue l\u2019intention de votre \u00e2me ?<br \/>Vous ressentez un manque d\u2019Harmonie, de Joie avec vous-m\u00eame et vos relations ?Vous n\u2019arrivez pas \u00e0 oser \u00eatre vous en toute situation ?<br \/>Vous sentez-vous pr\u00eate \u00e0 sortir de cette zone de confort et \u00e0 r\u00e9aliser vos r\u00eaves ?<\/p>\n\n\n\n<p>\u00cates-vous pr\u00eate \u00e0 d\u00e9passer la peur de mettre en mouvement l\u2019\u00e9nergie de transformation qui&nbsp;vous m\u00e8nera vers la meilleure version de vie qui est pr\u00e9vue pour vous?<\/p>\n<\/div>\n<\/div>\n\n\n\n<p class=\"has-text-align-center has-text-color has-large-font-size\" style=\"color:#36414d\"><strong>Si vous avez envie de vous d\u00e9couvrir en profondeur afin d\u2019apporter Amour, Compassion et Unit\u00e9 dans votre vie, c\u2019est que vous \u00eates pr\u00eate \u00e0 marcher sur le chemin du \u00ab\u00a0Conseil des 13 M\u00e8res Originelles\u00a0\u00bb.<\/strong><\/p>\n\n\n\n<div style=\"height:100px\" aria-hidden=\"true\" class=\"wp-block-spacer\"><\/div>\n\n\n\n<p>Le Conseil des 13 M\u00e8res Originelles est un enseignement qui \u00e9tait partag\u00e9 oralement dans&nbsp;plusieurs tribus Am\u00e9rindiennes depuis de nombreuses g\u00e9n\u00e9rations. Il n\u2019appartient cependant \u00e0 aucune culture, tradition ou religion.<\/p>\n\n\n\n<p>Le Conseil est bien ant\u00e9rieur \u00e0 ces concepts. Il date de l\u2019\u00e8re du Feu. Il aurait \u00e9t\u00e9 offert \u00e0 la Terre par Grand-M\u00e8re Lune, afin que les Femmes puissent retrouver leur fonction primordiale d\u2019\u00eatre les Gardiennes des valeurs qui maintiennent la Vie sur Terre au travers des Lois Sacr\u00e9es&nbsp;Universelles. Treize Gardiennes auraient alors \u00e9t\u00e9 envoy\u00e9es sur la Terre, telles des proph\u00e9tesses&nbsp;pour nous amener cette Sagesse.<\/p>\n\n\n\n<p>\u00c0 chaque nouvelle Lune, le cheminement avec chacune d\u2019entre elles nous permet de rentrer&nbsp;en contact avec sa V\u00e9rit\u00e9 qui contient toutes les V\u00e9rit\u00e9s.<\/p>\n\n\n\n<p>Les Gardiennes nous invitent \u00e0 devenir qui nous sommes profond\u00e9ment et \u00e0 r\u00e9aliser nos r\u00eaves sacr\u00e9s, en nous accompagnant avec Amour, Douceur et Compassion \u00e0 partager les concepts d\u2019Unit\u00e9, d\u2019Amour et d\u2019\u00c9quanimit\u00e9 pour l\u2019\u00c9ternit\u00e9.<\/p>\n\n\n\n<p>Elles nous incitent \u00e0 d\u00e9passer nos limites, celles qui nous emp\u00eachent de nous concentrer sur&nbsp;notre intention de vie, notre intention d\u2019\u00e2me. Elles nous invitent \u00e0 rentrer en Unit\u00e9 avec notre \u00catre dans son enti\u00e8ret\u00e9, dans l\u2019acceptation de ce que nous sommes et de ce que nous ne sommes pas.<\/p>\n\n\n\n<p>Ce chemin de reconnaissance de soi nous am\u00e8ne \u00e0 reconna\u00eetre toutes les formes de vie comme faisant partie d\u2019un ensemble plus vaste.<\/p>\n\n\n\n<p>C\u2019est un chemin de gu\u00e9rison pour notre enfant int\u00e9rieure qui retrouve la Joie d\u2019\u00eatre pure et magique.<\/p>\n\n\n\n<p>C\u2019est en nous reconnectant avec sa Joie profonde que nous apprenons \u00e0 \u00eatre dans la magie de&nbsp;l\u2019instant pr\u00e9sent, \u00e0 transcender notre \u00catre et \u00e0 rayonner.<\/p>\n\n\n\n<p>Retrouver la force et le pouvoir n\u00e9cessaires pour reprendre la responsabilit\u00e9 de notre vie&nbsp;en nous redonnant le pouvoir de la cr\u00e9er \u00e0 notre image, nous am\u00e8ne toute la reconnaissance de&nbsp;soi que nous avons tant recherch\u00e9e \u00e0 l\u2019ext\u00e9rieur de nous.<\/p>\n\n\n\n<div style=\"height:100px\" aria-hidden=\"true\" class=\"wp-block-spacer\"><\/div>\n\n\n\n<p class=\"has-text-align-center\"><strong><br \/>C&rsquo;est la voie de la r\u00e9conciliation et du pardon en soi et autour de soi.<br \/>C&rsquo;est la rencontre avec la Gu\u00e9risseuse, la Cr\u00e9atrice, la Conteuse, la Visionnaire, l\u2019Amoureuse,&nbsp;la Tisseuse, la Sage, la Pr\u00eatresse, la Sorci\u00e8re, la Magicienne et encore bien d\u2019autres facettes du F\u00e9minin Sacr\u00e9.<br \/>C\u2019est une fa\u00e7on de se reconnecter avec la Lune et avec tous les rites de Femmes que nous avons perdus,&nbsp;indispensables \u00e0 notre bien-\u00eatre pour retrouver l\u2019unit\u00e9 en nous et entre nous.<br \/>Il est de notre responsabilit\u00e9 de marcher sur un chemin de Transformation et de Sororit\u00e9.<br \/>Pour que la Beaut\u00e9 rayonne en soi, afin de la recevoir, de la diffuser et de la partager, pour&nbsp;notre Terre, pour notre peuple et pour ne faire qu\u2019Un avec tout l\u2019Univers.<\/strong><\/p>\n\n\n\n<div style=\"height:100px\" aria-hidden=\"true\" class=\"wp-block-spacer\"><\/div>\n\n\n\n<hr class=\"wp-block-separator has-text-color has-alpha-channel-opacity has-background is-style-wide\" style=\"background-color:#36414d;color:#36414d\"\/>\n\n\n\n<p class=\"has-text-align-center has-large-font-size\"><strong>Chacune d&rsquo;entre nous a la responsabilit\u00e9 de reconna\u00eetre le don qui lui a \u00e9t\u00e9 offert et qui lui permettra de faire&nbsp;partie de cette grande toile qui tisse le dessin et le dessein du monde et de l\u2019humanit\u00e9&#8230; Pour les 7 g\u00e9n\u00e9rations \u00e0 venir.<\/strong><\/p>\n\n\n\n<hr class=\"wp-block-separator has-text-color has-alpha-channel-opacity has-background is-style-wide\" style=\"background-color:#36414d;color:#36414d\"\/>\n\n\n\n<div class=\"wp-block-columns is-layout-flex wp-container-core-columns-is-layout-9d6595d7 wp-block-columns-is-layout-flex\">\n<div class=\"wp-block-column is-layout-flow wp-block-column-is-layout-flow\" style=\"flex-basis:33.33%\">\n<p><\/p>\n\n\n\n<p class=\"has-text-align-center\"><strong>Interview avec Alexandra Massot<\/strong> <\/p>\n\n\n\n<p class=\"has-text-align-center has-small-font-size\">(2022 -Association Plumes Dor\u00e9es)<\/p>\n<\/div>\n\n\n\n<div class=\"wp-block-column is-layout-flow wp-block-column-is-layout-flow\" style=\"flex-basis:66.66%\">\n<figure class=\"wp-block-embed is-type-video is-provider-youtube wp-block-embed-youtube wp-embed-aspect-4-3 wp-has-aspect-ratio\"><div class=\"wp-block-embed__wrapper\">\n<iframe loading=\"lazy\" title=\"CDA interview Alexandra\" width=\"1440\" height=\"810\" src=\"https:\/\/www.youtube.com\/embed\/AyqUO7DIuQA?feature=oembed\" frameborder=\"0\" allow=\"accelerometer; autoplay; clipboard-write; encrypted-media; gyroscope; picture-in-picture; web-share\" referrerpolicy=\"strict-origin-when-cross-origin\" allowfullscreen><\/iframe>\n<\/div><\/figure>\n<\/div>\n<\/div>\n\n\n\n<hr class=\"wp-block-separator has-text-color has-alpha-channel-opacity has-background is-style-wide\" style=\"background-color:#36414d;color:#36414d\"\/>\n\n\n\n<p>Carine Dancing Wolf Woman Baktunawi a re\u00e7u ces enseignements il y a plus de 20 ans, d\u2019une Femme&nbsp;m\u00e9decine qui les avait elle-m\u00eame re\u00e7us d\u2019une m\u00e9tisse Native. Elle a chemin\u00e9 7 ann\u00e9es avant de les partager.&nbsp;<\/p>\n\n\n\n<p>En parall\u00e8le, le livre de Jamie Sams avait \u00e9t\u00e9 traduit en fran\u00e7ais, et est ainsi venu soutenir l\u2019int\u00e9gration des enseignements re\u00e7us auparavant.<\/p>\n\n\n\n<p>Depuis de nombreuses ann\u00e9es, Baktunawi nous dit ne pas avoir assez d\u2019espace pour&nbsp;transmettre tout ce qu\u2019elle souhaite transmettre. A force de cheminer aux c\u00f4t\u00e9s des Gardiennes, les enseignements deviennent de plus en plus denses. Les diverses&nbsp;transmissions de ses a\u00een\u00e9es et ses mouvements d\u2019int\u00e9gration rendent ce chemin de plus en plus riche. C\u2019est pourquoi, pouss\u00e9e par les&nbsp;\u00e9nergies du moment et l&rsquo;\u00e9nergie de nos ch\u00e8res Gardiennes du \u00ab\u00a0Conseil des Anciennes des 13 Lunes\u00a0\u00bb,&nbsp;Baktunawi et l&rsquo;association des \u00ab\u00a0Plumes Dor\u00e9es\u00a0\u00bb souhaitent&nbsp;donner acc\u00e8s \u00e0 ces enseignements pr\u00e9cieux et magiques au plus grand nombre,&nbsp; \u00e0 travers de nouvelles formes.<\/p>\n\n\n\n<hr class=\"wp-block-separator has-text-color has-alpha-channel-opacity has-background is-style-wide\" style=\"background-color:#36414d;color:#36414d\"\/>\n\n\n\n<div class=\"wp-block-columns is-layout-flex wp-container-core-columns-is-layout-9d6595d7 wp-block-columns-is-layout-flex\">\n<div class=\"wp-block-column is-layout-flow wp-block-column-is-layout-flow\" style=\"flex-basis:33.33%\">\n<h3 class=\"wp-block-heading\">LE CONSEIL EN LIGNE<\/h3>\n\n\n\n<h4 class=\"wp-block-heading\"><strong>Chaque mois :<\/strong><\/h4>\n<\/div>\n\n\n\n<div class=\"wp-block-column is-layout-flow wp-block-column-is-layout-flow\" style=\"flex-basis:66.66%\">\n<ul class=\"wp-block-list\">\n<li>Vous aurez acc\u00e8s aux&nbsp;<strong>Enseignements<\/strong>&nbsp;des \u201c13 Grands-M\u00e8res\u201d&nbsp;par Baktunawi via votre espace membre ainsi qu&rsquo;\u00e0 des C\u00e9r\u00e9monies, des Rituels, des R\u00eaves \u00e9veill\u00e9s.&nbsp;<strong>En fonction de l&rsquo;ann\u00e9e dans laquelle vous \u00eates.<\/strong><em><br \/>Chaque enseignement sera d\u00e9bloqu\u00e9 apr\u00e8s la participation au Cercle de Femmes;<\/em><\/li>\n\n\n\n<li><strong>Un rendez-vous mensuel en live via Zoom, pour un&nbsp;\u201cCercle de parole\u201d&nbsp;<\/strong><\/li>\n<\/ul>\n<\/div>\n<\/div>\n\n\n\n<div class=\"wp-block-columns is-layout-flex wp-container-core-columns-is-layout-9d6595d7 wp-block-columns-is-layout-flex\">\n<div class=\"wp-block-column is-layout-flow wp-block-column-is-layout-flow\" style=\"flex-basis:33.33%\"><\/div>\n\n\n\n<div class=\"wp-block-column is-layout-flow wp-block-column-is-layout-flow\" style=\"flex-basis:66.66%\">\n<p><strong>Baktunawi donnera ses enseignements en direct, s&rsquo;en suivra des cercles de parole tenus par les Plumes Dor\u00e9es.<\/strong><\/p>\n\n\n\n<p><strong>L&rsquo;acc\u00e8s aux enseignements en direct est ouvert \u00e0 toutes. Si vous ne pouvez pas \u00eatre pr\u00e9sentes , un REPLAY vous sera envoy\u00e9.<\/strong><\/p>\n\n\n\n<p><strong>Il y aura \u00e9galement d&rsquo;autres cercles propos\u00e9s toutes les semaines o\u00f9 les Plumes Dor\u00e9es tiendront l&rsquo;\u00e9nergie des cercles<\/strong>, <strong>en ligne<\/strong>.<\/p>\n\n\n\n<p><strong>Un contenu progressif chaque ann\u00e9e afin d&rsquo;int\u00e9grer en douceur les enseignements.<\/strong><\/p>\n\n\n\n<p><strong>Le tissage dans la sororit\u00e9 et la richesse des Plumes Dor\u00e9es.<\/strong><\/p>\n<\/div>\n<\/div>\n\n\n\n<hr class=\"wp-block-separator has-text-color has-alpha-channel-opacity has-background is-style-wide\" style=\"background-color:#36414d;color:#36414d\"\/>\n\n\n\n<p class=\"has-text-align-center has-large-font-size\"><strong>UN RENDEZ VOUS PAR MOIS<\/strong><\/p>\n\n\n\n<p>Les Cercles seront sur une demi-journ\u00e9e. La dur\u00e9e est environ entre 3 et 4 heures par Cercle.&nbsp;<br \/>A pr\u00e9voir pour commencer le cycle, un cercle d&rsquo;intention qui vous sera propos\u00e9 lors de votre inscription.<\/p>\n\n\n\n<hr class=\"wp-block-separator has-text-color has-alpha-channel-opacity has-background is-style-wide\" style=\"background-color:#36414d;color:#36414d\"\/>\n\n\n\n<div class=\"wp-block-columns is-layout-flex wp-container-core-columns-is-layout-9d6595d7 wp-block-columns-is-layout-flex\">\n<div class=\"wp-block-column is-layout-flow wp-block-column-is-layout-flow\" style=\"flex-basis:33.33%\">\n<p style=\"font-size:33px\"><strong>Les plus :<\/strong><\/p>\n<\/div>\n\n\n\n<div class=\"wp-block-column is-layout-flow wp-block-column-is-layout-flow\" style=\"flex-basis:66.66%\">\n<p>. Pour celles qui ressentent un jour l\u2019appel de transmettre, cela vous donnera toute la trame avec une grande pr\u00e9cision.<\/p>\n\n\n\n<p>. Un groupe de soutien tout au long de l\u2019ann\u00e9e avec des plus&#8230;<\/p>\n\n\n\n<p>. La possibilit\u00e9 de suivre les enseignements \u00e0 son rythme et de les r\u00e9\u00e9couter \u00e0 volont\u00e9 pendant 1 an.<\/p>\n\n\n\n<p>. La possibilit\u00e9 de vivre la magie des c\u00e9r\u00e9monies et les rituels \u00e0 votre rythme.<\/p>\n\n\n\n<p>. Pour les femmes qui reprennent :  l&rsquo;ouverture d&rsquo;autre espace de compr\u00e9hension.<\/p>\n<\/div>\n<\/div>\n\n\n\n<hr class=\"wp-block-separator has-text-color has-alpha-channel-opacity has-background is-style-wide\" style=\"background-color:#36414d;color:#36414d\"\/>\n\n\n\n<p class=\"has-text-align-center has-large-font-size\"><\/p>\n\n\n\n<div class=\"wp-block-columns is-layout-flex wp-container-core-columns-is-layout-9d6595d7 wp-block-columns-is-layout-flex\">\n<div class=\"wp-block-column is-layout-flow wp-block-column-is-layout-flow\">\n<figure class=\"wp-block-image size-large is-style-rounded\"><a href=\"https:\/\/www.plumesdorees.com\/web\/wp-content\/uploads\/2023\/10\/tipi.jpeg\"><img loading=\"lazy\" decoding=\"async\" width=\"1024\" height=\"1024\" src=\"https:\/\/www.plumesdorees.com\/web\/wp-content\/uploads\/2023\/10\/tipi-1024x1024.jpeg\" alt=\"\" class=\"wp-image-3519\" srcset=\"https:\/\/www.plumesdorees.com\/web\/wp-content\/uploads\/2023\/10\/tipi-1024x1024.jpeg 1024w, https:\/\/www.plumesdorees.com\/web\/wp-content\/uploads\/2023\/10\/tipi-300x300.jpeg 300w, https:\/\/www.plumesdorees.com\/web\/wp-content\/uploads\/2023\/10\/tipi-150x150.jpeg 150w, https:\/\/www.plumesdorees.com\/web\/wp-content\/uploads\/2023\/10\/tipi-768x768.jpeg 768w, https:\/\/www.plumesdorees.com\/web\/wp-content\/uploads\/2023\/10\/tipi.jpeg 1080w\" sizes=\"auto, (max-width: 1024px) 100vw, 1024px\" \/><\/a><\/figure>\n<\/div>\n\n\n\n<div class=\"wp-block-column is-layout-flow wp-block-column-is-layout-flow\">\n<h4 class=\"wp-block-heading\"><strong>POUR COMPL\u00c9TER<\/strong><br \/><strong>CE PROCESSUS<\/strong><\/h4>\n\n\n\n<p>Lors des camp en nature vous aurez la possibilit\u00e9 de d\u00e9couvrir la c\u00e9r\u00e9monie du Tiyoweh qui fait partie int\u00e9grante du Conseil des 13 M\u00e8res Originelles<\/p>\n\n\n\n<p class=\"has-text-align-center has-small-font-size\"><strong><a href=\"https:\/\/www.plumesdorees.com\/web\/camps-de-quete-de-vision\/\">DATES ET RENSEIGNEMENT DU CAMP<\/a><\/strong><\/p>\n<\/div>\n<\/div>\n\n\n\n<hr class=\"wp-block-separator has-text-color has-alpha-channel-opacity has-background is-style-wide\" style=\"background-color:#36414d;color:#36414d\"\/>\n\n\n\n<p class=\"has-text-align-center has-large-font-size\"><strong>ENSEIGNEMENTS ET CEREMONIE<\/strong><br \/><strong>\u201cEN LIGNE\u201c<\/strong><\/p>\n\n\n\n<div class=\"wp-block-columns is-layout-flex wp-container-core-columns-is-layout-9d6595d7 wp-block-columns-is-layout-flex\">\n<div class=\"wp-block-column is-layout-flow wp-block-column-is-layout-flow\" style=\"flex-basis:66.66%\">\n<p><strong>+ rdv via Zoom 1 fois par mois pour les Cercles de parole.<\/strong><\/p>\n\n\n\n<p>1287\u20ac sur 13 mois (<strong>possibilit\u00e9 de payer mensuellement<\/strong>)<\/p>\n\n\n\n<p>L\u2019engagement est sur 13 Lunes, vous avez 1 mois pour choisir de vous d\u00e9sengager, dans ce cas seule la 1ere Gardienne est d\u00fb. Au del\u00e0 de ce mois, le paiement du cycle sera enti\u00e8rement d\u00fb.<\/p>\n\n\n\n<p><em>Pour les Jeunes Femmes (14\/21 ans, \u00e9tudiantes ou sans emploi), les Femmes de Sagesse (senior qui ont une petite retraite ou en invalidit\u00e9) ou les Femmes en situation difficile:&nbsp;<\/em><\/p>\n\n\n\n<p><em>Nous contacter directement :<\/em> <a rel=\"noreferrer noopener\" href=\"mailto:plumesdorees74@gmail.com\" target=\"_blank\"><em>plumesdorees74@gmail.com<\/em><\/a><\/p>\n<\/div>\n\n\n\n<div class=\"wp-block-column is-layout-flow wp-block-column-is-layout-flow\" style=\"flex-basis:33.33%\">\n<figure class=\"wp-block-image size-full is-style-default\"><a href=\"https:\/\/www.plumesdorees.com\/web\/wp-content\/uploads\/2023\/10\/CDA-NewLogo.png\"><img loading=\"lazy\" decoding=\"async\" width=\"943\" height=\"942\" src=\"https:\/\/www.plumesdorees.com\/web\/wp-content\/uploads\/2023\/10\/CDA-NewLogo.png\" alt=\"\" class=\"wp-image-3473\" srcset=\"https:\/\/www.plumesdorees.com\/web\/wp-content\/uploads\/2023\/10\/CDA-NewLogo.png 943w, https:\/\/www.plumesdorees.com\/web\/wp-content\/uploads\/2023\/10\/CDA-NewLogo-300x300.png 300w, https:\/\/www.plumesdorees.com\/web\/wp-content\/uploads\/2023\/10\/CDA-NewLogo-150x150.png 150w, https:\/\/www.plumesdorees.com\/web\/wp-content\/uploads\/2023\/10\/CDA-NewLogo-768x767.png 768w\" sizes=\"auto, (max-width: 943px) 100vw, 943px\" \/><\/a><\/figure>\n<\/div>\n<\/div>\n\n\n\n<hr class=\"wp-block-separator has-text-color has-alpha-channel-opacity has-background is-style-wide\" style=\"background-color:#36414d;color:#36414d\"\/>\n\n\n\n<p class=\"has-text-align-center has-large-font-size\"><\/p>\n\n\n\n<p class=\"has-text-align-center has-large-font-size\">Prochain cycle fin d&rsquo;ann\u00e9e 2025<\/p>\n\n\n\n<p class=\"has-text-align-center\">Fin d\u00e9cembre 2025 Cercle d&rsquo;intention<\/p>\n\n\n\n<div class=\"wp-block-group\"><div class=\"wp-block-group__inner-container is-layout-constrained wp-block-group-is-layout-constrained\">\n<p class=\"has-text-align-center\">1ere Rencontre : Semaine du 12 au 18 Janvier 2026<\/p>\n\n\n\n<p class=\"has-text-align-center\">2eme Rencontre : Semaine du 16 au 22 F\u00e9vrier<\/p>\n\n\n\n<p class=\"has-text-align-center\">3eme Rencontre : Semaine du 16 au 22 Mars<\/p>\n\n\n\n<p class=\"has-text-align-center\">4eme Rencontre : Semaine du 13 au 19 Avril<\/p>\n\n\n\n<p class=\"has-text-align-center\">5eme Rencontre : Semaine du 11 au 17 Mai<\/p>\n\n\n\n<p class=\"has-text-align-center\">6eme Rencontre : Semaine du 15 au 21 Juin<\/p>\n\n\n\n<p class=\"has-text-align-center\">7eme Rencontre : Semaine du 13 au 19 Juillet<\/p>\n\n\n\n<p class=\"has-text-align-center\">8eme Rencontre : Semaine du 10 au 16 Aout<\/p>\n\n\n\n<p class=\"has-text-align-center\">9eme Rencontre : Semaine du 7 au 13 Septembre<\/p>\n\n\n\n<p class=\"has-text-align-center\">10eme Rencontre : Semaine du 5 au 11 Octobre<\/p>\n\n\n\n<p class=\"has-text-align-center\">11eme Rencontre : Semaine du 9 au 15 Novembre<\/p>\n\n\n\n<p class=\"has-text-align-center\">12eme Rencontre : Semaine du 7 au 13 D\u00e9cembre<\/p>\n\n\n\n<p class=\"has-text-align-center\">13eme Rencontre : Semaine du 14 au 20 D\u00e9cembre<\/p>\n<\/div><\/div>\n\n\n\n<p><\/p>\n\n\n\n<div class=\"wp-block-group is-vertical is-content-justification-center is-layout-flex wp-container-core-group-is-layout-4b2eccd6 wp-block-group-is-layout-flex\">\n<div class=\"wp-block-columns is-layout-flex wp-container-core-columns-is-layout-9d6595d7 wp-block-columns-is-layout-flex\">\n<div class=\"wp-block-column is-vertically-aligned-center is-layout-flow wp-block-column-is-layout-flow\">\n<p class=\"has-text-align-center\"><em>Pour toutes questions concernant votre inscription, veuillez nous contacter<\/em><br \/><a href=\"mailto:plumesdorees74@gmail.com\" target=\"_blank\" rel=\"noreferrer noopener\"><strong><u>plumesdorees74@gmail.com<\/u><\/strong><\/a><\/p>\n<\/div>\n<\/div>\n<\/div>\n\n\n\n<hr class=\"wp-block-separator has-alpha-channel-opacity\"\/>\n\n\n\n<h3 class=\"wp-block-heading has-text-align-center\"><strong>Vous \u00eates pr\u00eate \u00e0 recevoir<\/strong>&nbsp;<strong>et int\u00e9grer ces enseignements sur 13 Lunes<\/strong>&nbsp;<strong>et \u00e0 vous engager sur ce chemin de transformation.<\/strong><\/h3>\n\n\n\n<p class=\"has-text-align-center\"><\/p>\n\n\n\n<p class=\"has-text-align-center\">Veuillez-vous suivre les liens d&rsquo;inscription ci-dessous en fonction du nombre d&rsquo;ann\u00e9es d&rsquo;exp\u00e9rience du Conseil des 13 M\u00e8res Originelles<\/p>\n\n\n\n<p><\/p>\n\n\n\n<p class=\"has-text-align-center\">Si c&rsquo;est votre 1\u00e8re ann\u00e9e veuillez choisir <\/p>\n\n\n\n<div class=\"wp-block-buttons is-content-justification-center is-layout-flex wp-container-core-buttons-is-layout-8057eaf3 wp-block-buttons-is-layout-flex\">\n<div class=\"wp-block-button\"><a class=\"wp-block-button__link has-accent-font-color has-accent-background-color has-text-color has-background has-link-color has-text-align-center wp-element-button\" href=\"http:\/\/plumesdorees.teachable.com\/p\/conseil-des-13-meres-originelles-2026-1\" style=\"padding-top:var(--wp--preset--spacing--30);padding-right:var(--wp--preset--spacing--80);padding-bottom:var(--wp--preset--spacing--30);padding-left:var(--wp--preset--spacing--80)\">1\u00e8re ann\u00e9e du Conseil des 13 M\u00e8res Originelles<\/a><\/div>\n<\/div>\n\n\n\n<p class=\"has-text-align-center\">Si c&rsquo;est votre 2\u00e8me ann\u00e9e veuillez choisir <\/p>\n\n\n\n<div class=\"wp-block-buttons is-content-justification-center is-layout-flex wp-container-core-buttons-is-layout-16018d1d wp-block-buttons-is-layout-flex\">\n<div class=\"wp-block-button\"><a class=\"wp-block-button__link has-accent-font-color has-accent-background-color has-text-color has-background has-link-color has-text-align-center wp-element-button\" href=\"http:\/\/plumesdorees.teachable.com\/p\/conseil-des-13-meres-originelles-2026-2\" style=\"padding-top:var(--wp--preset--spacing--20);padding-right:var(--wp--preset--spacing--80);padding-bottom:var(--wp--preset--spacing--20);padding-left:var(--wp--preset--spacing--80)\">2\u00e8me ann\u00e9e du Conseil des 13 M\u00e8res Originelles<\/a><\/div>\n<\/div>\n\n\n\n<p class=\"has-text-align-center\">Si c&rsquo;est votre 3\u00e8me ann\u00e9e veuillez choisir <\/p>\n\n\n\n<div class=\"wp-block-buttons is-content-justification-center is-layout-flex wp-container-core-buttons-is-layout-16018d1d wp-block-buttons-is-layout-flex\">\n<div class=\"wp-block-button is-style-outline is-style-outline--1\"><a class=\"wp-block-button__link has-accent-font-color has-accent-background-color has-text-color has-background has-link-color has-text-align-center wp-element-button\" href=\"http:\/\/plumesdorees.teachable.com\/p\/conseil-des-13-meres-originelles-2026-3\" style=\"padding-top:var(--wp--preset--spacing--20);padding-right:var(--wp--preset--spacing--80);padding-bottom:var(--wp--preset--spacing--20);padding-left:var(--wp--preset--spacing--80)\">3\u00e8me ann\u00e9e du Conseil des 13 M\u00e8res Originelles<\/a><\/div>\n<\/div>\n\n\n\n<p class=\"has-text-align-center\">Si c&rsquo;est votre 4\u00e8me ann\u00e9e ou au-del\u00e0 veuillez choisir <\/p>\n\n\n\n<div class=\"wp-block-buttons is-content-justification-center is-layout-flex wp-container-core-buttons-is-layout-16018d1d wp-block-buttons-is-layout-flex\">\n<div class=\"wp-block-button is-style-fill\"><a class=\"wp-block-button__link has-accent-font-color has-accent-background-color has-text-color has-background has-link-color has-text-align-center wp-element-button\" href=\"http:\/\/plumesdorees.teachable.com\/p\/conseil-des-13-meres-originelles-2026-4\" style=\"padding-top:var(--wp--preset--spacing--20);padding-right:var(--wp--preset--spacing--80);padding-bottom:var(--wp--preset--spacing--20);padding-left:var(--wp--preset--spacing--80)\">4\u00e8me ann\u00e9e et + du Conseil des 13 M\u00e8res Originelles<\/a><\/div>\n<\/div>\n\n\n\n<hr class=\"wp-block-separator has-text-color has-alpha-channel-opacity has-background is-style-wide\" style=\"background-color:#36414d;color:#36414d\"\/>\n\n\n\n<p><\/p>\n\n\n\n<h3 class=\"wp-block-heading has-text-align-center\" style=\"font-size:36px\">R\u00e9unissons nous autour de notre<br \/>Terre M\u00e8re pour que nous puissions<br \/>cr\u00e9er un monde bas\u00e9 sur&nbsp;l\u2019amour,<br \/>le respect et l\u2019authenticit\u00e9.<\/h3>\n","protected":false},"excerpt":{"rendered":"<p>ENTREZ DANS LE CERCLE SACR\u00c9 DUCONSEIL DES 13 M\u00c8RES ORIGINELLES C&rsquo;est un Appel Vous vous sentez appel\u00e9e par le F\u00e9minin Sacr\u00e9 ?Vous vous sentez d\u00e9connect\u00e9e de vous-m\u00eame ?Vous vivez avec des secrets ou des r\u00eaves enfouis ?Vous avez perdu de vue l\u2019intention de votre \u00e2me ?Vous ressentez un manque d\u2019Harmonie,<span class=\"more-link theme-more-link\"><a href=\"https:\/\/www.plumesdorees.com\/web\/conseil-des-anciennes-des-13-lunes\/\">Continue Reading<\/a><\/span><\/p>\n","protected":false},"author":1,"featured_media":0,"parent":0,"menu_order":0,"comment_status":"closed","ping_status":"closed","template":"","meta":{"footnotes":""},"class_list":["entry","author-plumesdorees","post-4034","page","type-page","status-publish"],"_links":{"self":[{"href":"https:\/\/www.plumesdorees.com\/web\/wp-json\/wp\/v2\/pages\/4034","targetHints":{"allow":["GET"]}}],"collection":[{"href":"https:\/\/www.plumesdorees.com\/web\/wp-json\/wp\/v2\/pages"}],"about":[{"href":"https:\/\/www.plumesdorees.com\/web\/wp-json\/wp\/v2\/types\/page"}],"author":[{"embeddable":true,"href":"https:\/\/www.plumesdorees.com\/web\/wp-json\/wp\/v2\/users\/1"}],"replies":[{"embeddable":true,"href":"https:\/\/www.plumesdorees.com\/web\/wp-json\/wp\/v2\/comments?post=4034"}],"version-history":[{"count":19,"href":"https:\/\/www.plumesdorees.com\/web\/wp-json\/wp\/v2\/pages\/4034\/revisions"}],"predecessor-version":[{"id":4181,"href":"https:\/\/www.plumesdorees.com\/web\/wp-json\/wp\/v2\/pages\/4034\/revisions\/4181"}],"wp:attachment":[{"href":"https:\/\/www.plumesdorees.com\/web\/wp-json\/wp\/v2\/media?parent=4034"}],"curies":[{"name":"wp","href":"https:\/\/api.w.org\/{rel}","templated":true}]}}