{"id":3347,"date":"2023-06-26T11:04:40","date_gmt":"2023-06-26T10:04:40","guid":{"rendered":"https:\/\/www.plumesdorees.com\/web\/?page_id=3347"},"modified":"2023-06-26T11:11:54","modified_gmt":"2023-06-26T10:11:54","slug":"lhomme-souverain","status":"publish","type":"page","link":"https:\/\/www.plumesdorees.com\/web\/lhomme-souverain\/","title":{"rendered":"LHOMME SOUVERAIN"},"content":{"rendered":"<div class=\"wp-block-image\">\n<figure class=\"aligncenter size-large\"><a href=\"https:\/\/www.plumesdorees.com\/web\/wp-content\/uploads\/2023\/06\/Module-1.gif\"><img loading=\"lazy\" decoding=\"async\" width=\"1024\" height=\"614\" src=\"https:\/\/www.plumesdorees.com\/web\/wp-content\/uploads\/2023\/06\/Module-1-1024x614.gif\" alt=\"\" class=\"wp-image-3351\" srcset=\"https:\/\/www.plumesdorees.com\/web\/wp-content\/uploads\/2023\/06\/Module-1-1024x614.gif 1024w, https:\/\/www.plumesdorees.com\/web\/wp-content\/uploads\/2023\/06\/Module-1-300x180.gif 300w, https:\/\/www.plumesdorees.com\/web\/wp-content\/uploads\/2023\/06\/Module-1-768x461.gif 768w, https:\/\/www.plumesdorees.com\/web\/wp-content\/uploads\/2023\/06\/Module-1-1536x922.gif 1536w, https:\/\/www.plumesdorees.com\/web\/wp-content\/uploads\/2023\/06\/Module-1-1140x684.gif 1140w\" sizes=\"auto, (max-width: 1024px) 100vw, 1024px\" \/><\/a><\/figure><\/div>\n\n\n<div style=\"height:100px\" aria-hidden=\"true\" class=\"wp-block-spacer\"><\/div>\n\n\n\n<p class=\"has-text-align-center has-larger-font-size\"><strong>LES FIGURES ARCH\u00c9TYPALES<br \/>DU MASCULIN<\/strong><\/p>\n\n\n\n<div style=\"height:60px\" aria-hidden=\"true\" class=\"wp-block-spacer\"><\/div>\n\n\n\n<p class=\"has-text-align-center\">\u00caTRE UN HOMME ENTIER DEMANDE D&rsquo;EMBRASSER TOUS LES ASPECTS DE NOTRE PERSONNALIT\u00c9 ET DE NOS COMPORTEMENTS.<\/p>\n\n\n\n<p><\/p>\n\n\n\n<p class=\"has-text-align-center\">Pour nous \u00e9panouir dans le monde d&rsquo;aujourd&rsquo;hui, nous avons besoin de connaitre ces figures et ces forces que repr\u00e9sentent les arch\u00e9types masculins. Pour mieux les mettre au service dans notre vie, dans nos projets et dans nos relations. Tout particuli\u00e8rement celle du couple.<\/p>\n\n\n\n<div style=\"height:50px\" aria-hidden=\"true\" class=\"wp-block-spacer\"><\/div>\n\n\n\n<p class=\"has-text-align-center\">POUR PLUS D&rsquo;INFORMATIONS ET LES R\u00c9SERVATIONS<\/p>\n\n\n\n<p class=\"has-text-align-center has-large-font-size\"><strong><a href=\"https:\/\/lhommetranseforme.com\/lhommesouverain\" target=\"_blank\" rel=\"noreferrer noopener\">&#x1f449;&#x1f3fc; CLIQUER ICI &#x1f448; <\/a><\/strong><\/p>\n","protected":false},"excerpt":{"rendered":"<p>LES FIGURES ARCH\u00c9TYPALESDU MASCULIN \u00caTRE UN HOMME ENTIER DEMANDE D&rsquo;EMBRASSER TOUS LES ASPECTS DE NOTRE PERSONNALIT\u00c9 ET DE NOS COMPORTEMENTS. Pour nous \u00e9panouir dans le monde d&rsquo;aujourd&rsquo;hui, nous avons besoin de connaitre ces figures et ces forces que repr\u00e9sentent les arch\u00e9types masculins. Pour mieux les mettre au service dans notre<span class=\"more-link theme-more-link\"><a href=\"https:\/\/www.plumesdorees.com\/web\/lhomme-souverain\/\">Continue Reading<\/a><\/span><\/p>\n","protected":false},"author":1,"featured_media":0,"parent":0,"menu_order":0,"comment_status":"closed","ping_status":"closed","template":"","meta":{"footnotes":""},"class_list":["entry","author-plumesdorees","post-3347","page","type-page","status-publish"],"_links":{"self":[{"href":"https:\/\/www.plumesdorees.com\/web\/wp-json\/wp\/v2\/pages\/3347","targetHints":{"allow":["GET"]}}],"collection":[{"href":"https:\/\/www.plumesdorees.com\/web\/wp-json\/wp\/v2\/pages"}],"about":[{"href":"https:\/\/www.plumesdorees.com\/web\/wp-json\/wp\/v2\/types\/page"}],"author":[{"embeddable":true,"href":"https:\/\/www.plumesdorees.com\/web\/wp-json\/wp\/v2\/users\/1"}],"replies":[{"embeddable":true,"href":"https:\/\/www.plumesdorees.com\/web\/wp-json\/wp\/v2\/comments?post=3347"}],"version-history":[{"count":6,"href":"https:\/\/www.plumesdorees.com\/web\/wp-json\/wp\/v2\/pages\/3347\/revisions"}],"predecessor-version":[{"id":3357,"href":"https:\/\/www.plumesdorees.com\/web\/wp-json\/wp\/v2\/pages\/3347\/revisions\/3357"}],"wp:attachment":[{"href":"https:\/\/www.plumesdorees.com\/web\/wp-json\/wp\/v2\/media?parent=3347"}],"curies":[{"name":"wp","href":"https:\/\/api.w.org\/{rel}","templated":true}]}}