{"id":3189,"date":"2022-06-10T08:49:01","date_gmt":"2022-06-10T07:49:01","guid":{"rendered":"https:\/\/www.plumesdorees.com\/web\/?page_id=3189"},"modified":"2026-03-20T11:28:26","modified_gmt":"2026-03-20T10:28:26","slug":"calendrier-des-prochains-evenements","status":"publish","type":"page","link":"https:\/\/www.plumesdorees.com\/web\/calendrier-des-prochains-evenements\/","title":{"rendered":"Calendrier des Plumes Dor\u00e9es"},"content":{"rendered":"\n<hr class=\"wp-block-separator has-text-color has-accent-color has-alpha-channel-opacity has-accent-background-color has-background is-style-wide\"\/>\n\n\n\n<div class=\"wp-block-columns is-layout-flex wp-container-core-columns-is-layout-9d6595d7 wp-block-columns-is-layout-flex\">\n<div class=\"wp-block-column is-layout-flow wp-block-column-is-layout-flow\" style=\"flex-basis:40%\">\n<figure class=\"wp-block-image size-full is-style-rounded\"><a href=\"https:\/\/www.plumesdorees.com\/web\/wp-content\/uploads\/2024\/01\/Quete-de-Vision.png\"><img loading=\"lazy\" decoding=\"async\" width=\"2268\" height=\"1453\" src=\"https:\/\/www.plumesdorees.com\/web\/wp-content\/uploads\/2024\/01\/Quete-de-Vision.png\" alt=\"\" class=\"wp-image-3772\" srcset=\"https:\/\/www.plumesdorees.com\/web\/wp-content\/uploads\/2024\/01\/Quete-de-Vision.png 2268w, https:\/\/www.plumesdorees.com\/web\/wp-content\/uploads\/2024\/01\/Quete-de-Vision-300x192.png 300w, https:\/\/www.plumesdorees.com\/web\/wp-content\/uploads\/2024\/01\/Quete-de-Vision-1024x656.png 1024w, https:\/\/www.plumesdorees.com\/web\/wp-content\/uploads\/2024\/01\/Quete-de-Vision-768x492.png 768w, https:\/\/www.plumesdorees.com\/web\/wp-content\/uploads\/2024\/01\/Quete-de-Vision-1536x984.png 1536w, https:\/\/www.plumesdorees.com\/web\/wp-content\/uploads\/2024\/01\/Quete-de-Vision-2048x1312.png 2048w, https:\/\/www.plumesdorees.com\/web\/wp-content\/uploads\/2024\/01\/Quete-de-Vision-1140x730.png 1140w\" sizes=\"auto, (max-width: 2268px) 100vw, 2268px\" \/><\/a><\/figure>\n\n\n\n<p class=\"has-text-align-center has-accent-color has-text-color has-link-color has-large-font-size wp-elements-f081f49d39249fd356ba74cda0ccbdcc\" style=\"font-style:normal;font-weight:600\">Camps en Nature<\/p>\n\n\n\n<p class=\"has-text-align-center has-accent-color has-text-color has-link-color has-large-font-size wp-elements-d2531107b238ac466ea6ffb8c1c8b92b\" style=\"font-style:normal;font-weight:600\">avec Baktunawi<\/p>\n<\/div>\n\n\n\n<div class=\"wp-block-column is-layout-flow wp-block-column-is-layout-flow\" style=\"flex-basis:60%\">\n<p>Retrouver le lien \u00e0 la Nature, \u00e0 Soi &amp; \u00e0 la vie de tribu.<br \/>Se reconnecter au Sacr\u00e9 au travers des C\u00e9r\u00e9monies.<br \/>Offrir qui l\u2019on est dans le service et le partage.<\/p>\n\n\n\n<ul class=\"wp-block-list\">\n<li>11 au 18 avril 2026<\/li>\n\n\n\n<li>24 au 31 octobre 2026<\/li>\n<\/ul>\n\n\n\n<p>et un Camps de Rite de Passage en \u00e9t\u00e9 du <\/p>\n\n\n\n<ul class=\"wp-block-list\">\n<li>18 au 25 juillet<\/li>\n<\/ul>\n\n\n\n<div class=\"wp-block-buttons is-horizontal is-layout-flex wp-block-buttons-is-layout-flex\">\n<div class=\"wp-block-button is-style-outline is-style-outline--1\"><a class=\"wp-block-button__link wp-element-button\" href=\"https:\/\/www.plumesdorees.com\/web\/camps\/\" style=\"border-radius:40px\" target=\"_blank\" rel=\"noreferrer noopener\">Plus d&rsquo;info<\/a><\/div>\n<\/div>\n<\/div>\n\n\n\n<div class=\"wp-block-column is-layout-flow wp-block-column-is-layout-flow\"><\/div>\n<\/div>\n\n\n\n<hr class=\"wp-block-separator has-text-color has-accent-color has-alpha-channel-opacity has-accent-background-color has-background is-style-wide\"\/>\n","protected":false},"excerpt":{"rendered":"<p>Camps en Nature avec Baktunawi Retrouver le lien \u00e0 la Nature, \u00e0 Soi &amp; \u00e0 la vie de tribu.Se reconnecter au Sacr\u00e9 au travers des C\u00e9r\u00e9monies.Offrir qui l\u2019on est dans le service et le partage. et un Camps de Rite de Passage en \u00e9t\u00e9 du<span class=\"more-link theme-more-link\"><a href=\"https:\/\/www.plumesdorees.com\/web\/calendrier-des-prochains-evenements\/\">Continue Reading<\/a><\/span><\/p>\n","protected":false},"author":1,"featured_media":0,"parent":0,"menu_order":0,"comment_status":"closed","ping_status":"closed","template":"","meta":{"footnotes":""},"class_list":["entry","author-plumesdorees","post-3189","page","type-page","status-publish"],"_links":{"self":[{"href":"https:\/\/www.plumesdorees.com\/web\/wp-json\/wp\/v2\/pages\/3189","targetHints":{"allow":["GET"]}}],"collection":[{"href":"https:\/\/www.plumesdorees.com\/web\/wp-json\/wp\/v2\/pages"}],"about":[{"href":"https:\/\/www.plumesdorees.com\/web\/wp-json\/wp\/v2\/types\/page"}],"author":[{"embeddable":true,"href":"https:\/\/www.plumesdorees.com\/web\/wp-json\/wp\/v2\/users\/1"}],"replies":[{"embeddable":true,"href":"https:\/\/www.plumesdorees.com\/web\/wp-json\/wp\/v2\/comments?post=3189"}],"version-history":[{"count":75,"href":"https:\/\/www.plumesdorees.com\/web\/wp-json\/wp\/v2\/pages\/3189\/revisions"}],"predecessor-version":[{"id":4201,"href":"https:\/\/www.plumesdorees.com\/web\/wp-json\/wp\/v2\/pages\/3189\/revisions\/4201"}],"wp:attachment":[{"href":"https:\/\/www.plumesdorees.com\/web\/wp-json\/wp\/v2\/media?parent=3189"}],"curies":[{"name":"wp","href":"https:\/\/api.w.org\/{rel}","templated":true}]}}