{"id":1445,"date":"2020-08-12T09:35:41","date_gmt":"2020-08-12T08:35:41","guid":{"rendered":"https:\/\/www.plumesdorees.com\/web\/?page_id=1445"},"modified":"2025-06-11T09:30:28","modified_gmt":"2025-06-11T08:30:28","slug":"hutte-a-sudation","status":"publish","type":"page","link":"https:\/\/www.plumesdorees.com\/web\/hutte-a-sudation\/","title":{"rendered":"HUTTE A SUDATION"},"content":{"rendered":"<div class=\"wp-block-image is-style-rounded\">\n<figure class=\"aligncenter size-large\"><a href=\"https:\/\/www.plumesdorees.com\/web\/wp-content\/uploads\/2023\/06\/IMG_3208-scaled.jpg\"><img loading=\"lazy\" decoding=\"async\" width=\"1024\" height=\"597\" src=\"https:\/\/www.plumesdorees.com\/web\/wp-content\/uploads\/2023\/06\/IMG_3208-1024x597.jpg\" alt=\"\" class=\"wp-image-3398\" srcset=\"https:\/\/www.plumesdorees.com\/web\/wp-content\/uploads\/2023\/06\/IMG_3208-1024x597.jpg 1024w, https:\/\/www.plumesdorees.com\/web\/wp-content\/uploads\/2023\/06\/IMG_3208-300x175.jpg 300w, https:\/\/www.plumesdorees.com\/web\/wp-content\/uploads\/2023\/06\/IMG_3208-768x448.jpg 768w, https:\/\/www.plumesdorees.com\/web\/wp-content\/uploads\/2023\/06\/IMG_3208-1536x896.jpg 1536w, https:\/\/www.plumesdorees.com\/web\/wp-content\/uploads\/2023\/06\/IMG_3208-2048x1195.jpg 2048w, https:\/\/www.plumesdorees.com\/web\/wp-content\/uploads\/2023\/06\/IMG_3208-1140x665.jpg 1140w\" sizes=\"auto, (max-width: 1024px) 100vw, 1024px\" \/><\/a><\/figure><\/div>\n\n\n<p class=\"has-text-align-center\">Cette construction de g\u00e9om\u00e9trie sacr\u00e9e en bois, repr\u00e9sente le ventre de notre M\u00e8re Terre. Elle a \u00e9t\u00e9 ramen\u00e9e sur nos terres gr\u00e2ce \u00e0 la tradition Lakota que j&rsquo;honore profond\u00e9ment pour sa transmission et gr\u00e2ce \u00e0 qui nous pouvons c\u00e9l\u00e9brer la vie sous cette forme.<\/p>\n\n\n\n<p class=\"has-text-align-center\">En tout humilit\u00e9, v\u00eatus d&rsquo;un par\u00e9o, nous rentrons ensemble dans ce Temple pour retrouver la chaleur du ventre de la terre, la chaleur du ventre de notre m\u00e8re. Dans cet<br \/>espace, nous retrouvons ces m\u00e9moires qui nous permettent de nous connecter \u00e0 notre \u00eatre profond. Nous retrouvons cet espace d&rsquo;humilit\u00e9 pour demander de l&rsquo;aide pour soi, pour les siens, pour son peuple, pour la terre. C&rsquo;est avant tout un espace de joie, de paix et de chants et de pri\u00e8res qui nous ram\u00e8ne sur la voix du C\u0153ur et<br \/>de l\u2019authenticit\u00e9. Venez chanter autour du feu et plus si affinit\u00e9s&#8230;<\/p>\n\n\n\n<p class=\"has-text-align-center\">Mon apprentissage de verser l\u2019eau sur ces pierres sacr\u00e9es est l\u2019h\u00e9ritage de la lign\u00e9e Lakota via la transmission de Wallace Black Elk \u00e0 mes a\u00een\u00e9s Michel Bison Noir et Carol Anpo Wi. C\u2019est une C\u00e9r\u00e9monie de retour \u00e0 la Vie.<\/p>\n\n\n\n<p class=\"has-text-align-center\">La purification par la vapeur est une C\u00e9r\u00e9monie qui existe dans plusieurs traditions \u00e0 travers le monde.<\/p>\n\n\n\n<p class=\"has-text-align-center\">Au del\u00e0 de l\u2019aspect technique o\u00f9 il est question de rentrer des pierres dans un espace ferm\u00e9 et de verser de l\u2019eau dessus, il y a l\u2019aspect \u00ab Chamanique \u00bb o\u00f9 il s\u2019agit de se connecter aux Esprits pour prier et demander de l\u2019aide. Cette loge porte aussi le nom de \u00ab Black Lodge \u00bb ou de \u00ab Moon Lodge \u00bb. C\u2019est un espace dans lequel<br \/>on chante et on dit des choses intimes qu\u2019on ne dit pas ailleurs.<\/p>\n\n\n\n<p class=\"has-text-align-center\">Lors des premi\u00e8res ann\u00e9es, je me demandais si en tant que blanche j\u2019\u00e9tais l\u00e9gitime de m\u2019assoir \u00e0 cette place dans cette C\u00e9r\u00e9monie.<br \/>Aujourd\u2019hui, je sais qu\u2019il y a certaines fresques dans nos grottes en France avec des Huttes et des Bisons.<\/p>\n\n\n\n<p class=\"has-text-align-center\">Les peuples Natifs nous ont transmis la sagesse ancestrale qui nous permet \u00e0 tous de r\u00e9veiller la m\u00e9moire de la Terre dans nos cellules et de retrouver le lien avec les \u00e9l\u00e9ments, les r\u00e8gnes et tout ce qui vit dans les mondes visibles et invisibles.<\/p>\n\n\n\n<p class=\"has-text-align-center\">Devenir Humain est un apprentissage et rentrer dans le temple de la Hutte r\u00e9guli\u00e8rement \u00e9l\u00e8ve notre \u00eatre.<\/p>\n\n\n\n<p class=\"has-text-align-center\">J\u2019ai suivi ces pr\u00e9cieux enseignements oraux pendant 18 ans et je consid\u00e8re que j\u2019apprends encore \u00e0 chaque fois.<br \/>Partage de ma toute premi\u00e8re hutte il y a 14 ans (hommage \u00e0 Bison Blanc) :<br \/>Moi: j&rsquo;ai peur&#8230;<br \/>Le Chamane : Peur de quoi?<br \/>Moi : De ne pas r\u00e9ussir \u00e0 tenir<br \/>Le Chamane : le but n&rsquo;est ni de r\u00e9ussir, ni de tenir, le but c&rsquo;est de l\u00e2cher prise.<\/p>\n\n\n\n<p class=\"has-text-align-center\">Je d\u00e9testais l\u00e2cher le contr\u00f4le et \u00e7a en disait long sur moi&#8230; J&rsquo;ai ador\u00e9 l&rsquo;univers du Chamane, il y avait des chants, de la joie, de l&rsquo;humour et surtout de magnifiques paroles qui me conduisaient droit \u00e0 mon C\u0153ur.<br \/>Je me suis mise \u00e0 en faire r\u00e9guli\u00e8rement pour retrouver cette connexion que je perdais si vite d&rsquo;une hutte \u00e0 l&rsquo;autre&#8230;<br \/>De mois en mois, cette connexion me r\u00e9v\u00e9lait \u00e0 mon \u00eatre.<br \/>J&rsquo;ai laiss\u00e9 dans le Feu Sacr\u00e9 et dans ces pierres ardentes tous mes masques, toutes mes cuirasses, tous mes mensonges, toutes mes illusions, mes tristesses. J\u2019ai appris \u00e0 faire du vide et \u00e0 utiliser mon libre arbitre pour fa\u00e7onner ma vie \u00e0 mon image.<\/p>\n\n\n\n<p class=\"has-text-align-center\">J\u2019y ai rencontr\u00e9 mes R\u00eaves, mes v\u00e9rit\u00e9s. J\u2019ai appris \u00e0 donner et \u00e0 recevoir. Les mots des uns lib\u00e9raient ce que je ne pouvais pas l\u00e2cher et les chants me faisaient tant\u00f4t m&rsquo;\u00e9lever et me redresser et tant\u00f4t me permettaient d\u2019avoir acc\u00e8s \u00e0 mon espace de Vuln\u00e9rabilit\u00e9.<br \/>Immense Gratitude au grand chemin Sacr\u00e9 de la voie rouge, l\u2019autoroute vers la voie du C\u0153ur.<\/p>\n\n\n\n<p class=\"has-text-align-center\">Mon intention, aujourd\u2019hui, est de partager avec vous cette douce et puissante M\u00e9decine.<\/p>\n\n\n\n<div style=\"height:70px\" aria-hidden=\"true\" class=\"wp-block-spacer\"><\/div>\n\n\n<div class=\"wp-block-image\">\n<figure class=\"aligncenter size-large is-resized\"><a href=\"https:\/\/www.plumesdorees.com\/web\/wp-content\/uploads\/2021\/09\/WhatsApp-Image-2021-09-11-at-08.25.26.jpeg\"><img loading=\"lazy\" decoding=\"async\" src=\"https:\/\/www.plumesdorees.com\/web\/wp-content\/uploads\/2021\/09\/WhatsApp-Image-2021-09-11-at-08.25.26.jpeg\" alt=\"\" class=\"wp-image-2678\" width=\"349\" height=\"227\" srcset=\"https:\/\/www.plumesdorees.com\/web\/wp-content\/uploads\/2021\/09\/WhatsApp-Image-2021-09-11-at-08.25.26.jpeg 523w, https:\/\/www.plumesdorees.com\/web\/wp-content\/uploads\/2021\/09\/WhatsApp-Image-2021-09-11-at-08.25.26-300x195.jpeg 300w\" sizes=\"auto, (max-width: 349px) 100vw, 349px\" \/><\/a><\/figure><\/div>\n\n\n<p class=\"has-text-align-center\"><strong>La participation pour le bois et de 20\u20ac par&nbsp;<\/strong><strong>personne. L\u2019offrande pour la C\u00e9r\u00e9monie est&nbsp;<\/strong><strong>libre et consciente \u00e0 partir de 20\u20ac<\/strong><\/p>\n\n\n\n<p class=\"has-text-align-center\"><em><strong>Dans cette tradition, il est de coutume d&rsquo;offrir&nbsp;<\/strong><strong>des \u00ab\u00a0Give Away &amp; Medecine Gift\u00a0\u00bb \u00e0 ceux qui&nbsp;<\/strong><strong>servent la C\u00e9r\u00e9monie.<\/strong><\/em><br \/><em><strong>Les personnes participants aux c\u00e9r\u00e9monies&nbsp;<\/strong><strong>pouvaient se pr\u00e9parer pendant des mois pour&nbsp;<\/strong><strong>offrir le meilleur, car ils savaient que pour&nbsp;<\/strong><strong>recevoir, il faut apprendre \u00e0 donner. Cela pouvait&nbsp;<\/strong><strong>\u00eatre des couvertures, un cheval, un tipi&#8230;<\/strong><\/em><br \/><em><strong>Aujourd&rsquo;hui, une offrande financi\u00e8re est simple et&nbsp;<\/strong><strong>bienvenue. Elle est l\u00e0 pour honorer les personnes&nbsp;<\/strong><strong>au service, le mat\u00e9riel et surtout pour vous&nbsp;<\/strong><strong>permettre d\u2019exprimer la valeur que ces moments&nbsp;<\/strong><strong>ont pour vous.<\/strong><\/em><\/p>\n\n\n\n<p class=\"has-text-align-center\"><em><strong>Le give away est surtout une opportunit\u00e9 de&nbsp;<\/strong><\/em><em><strong>retrouver ce chemin de beaut\u00e9 de la g\u00e9n\u00e9rosit\u00e9, du&nbsp;<\/strong><\/em><em><strong>partage, du dons. C&rsquo;est un acte qui ouvre le C\u0153ur<\/strong><\/em><br \/><em><strong>de celui qui donne comme de celui qui re\u00e7oit.&nbsp;<\/strong><\/em><em><strong>Rappelons nous que l&rsquo;une des valeurs centrales de&nbsp;<\/strong><\/em><em><strong>la voie rouge est le don et la g\u00e9n\u00e9rosit\u00e9.<\/strong><\/em><\/p>\n\n\n\n<p class=\"has-text-align-center\"><em><strong>Venez oser demander et faire offrande en retour&nbsp;<\/strong><\/em><em><strong>de votre inconfort et de votre sueur pendant&nbsp;<\/strong><\/em><em><strong>quelques heures.<\/strong><\/em><\/p>\n\n\n\n<p class=\"has-text-align-center\">Inscription : <a href=\"mailto:plumesdorees74@gmail.com\">plumesdorees74@gmail.com<\/a><\/p>\n\n\n\n<p class=\"has-text-align-center\">Love, Light and Unity<\/p>\n\n\n\n<p class=\"has-text-align-center\">Carine Dancing Wolf Woman<\/p>\n","protected":false},"excerpt":{"rendered":"<p>Cette construction de g\u00e9om\u00e9trie sacr\u00e9e en bois, repr\u00e9sente le ventre de notre M\u00e8re Terre. Elle a \u00e9t\u00e9 ramen\u00e9e sur nos terres gr\u00e2ce \u00e0 la tradition Lakota que j&rsquo;honore profond\u00e9ment pour sa transmission et gr\u00e2ce \u00e0 qui nous pouvons c\u00e9l\u00e9brer la vie sous cette forme. En tout humilit\u00e9, v\u00eatus d&rsquo;un par\u00e9o,<span class=\"more-link theme-more-link\"><a href=\"https:\/\/www.plumesdorees.com\/web\/hutte-a-sudation\/\">Continue Reading<\/a><\/span><\/p>\n","protected":false},"author":1,"featured_media":0,"parent":0,"menu_order":0,"comment_status":"closed","ping_status":"closed","template":"","meta":{"footnotes":""},"class_list":["entry","author-plumesdorees","post-1445","page","type-page","status-publish"],"_links":{"self":[{"href":"https:\/\/www.plumesdorees.com\/web\/wp-json\/wp\/v2\/pages\/1445","targetHints":{"allow":["GET"]}}],"collection":[{"href":"https:\/\/www.plumesdorees.com\/web\/wp-json\/wp\/v2\/pages"}],"about":[{"href":"https:\/\/www.plumesdorees.com\/web\/wp-json\/wp\/v2\/types\/page"}],"author":[{"embeddable":true,"href":"https:\/\/www.plumesdorees.com\/web\/wp-json\/wp\/v2\/users\/1"}],"replies":[{"embeddable":true,"href":"https:\/\/www.plumesdorees.com\/web\/wp-json\/wp\/v2\/comments?post=1445"}],"version-history":[{"count":30,"href":"https:\/\/www.plumesdorees.com\/web\/wp-json\/wp\/v2\/pages\/1445\/revisions"}],"predecessor-version":[{"id":3406,"href":"https:\/\/www.plumesdorees.com\/web\/wp-json\/wp\/v2\/pages\/1445\/revisions\/3406"}],"wp:attachment":[{"href":"https:\/\/www.plumesdorees.com\/web\/wp-json\/wp\/v2\/media?parent=1445"}],"curies":[{"name":"wp","href":"https:\/\/api.w.org\/{rel}","templated":true}]}}